{"id":9,"date":"2026-02-03T11:50:26","date_gmt":"2026-02-03T11:50:26","guid":{"rendered":"https:\/\/onymino.com\/?page_id=9"},"modified":"2026-02-03T11:50:26","modified_gmt":"2026-02-03T11:50:26","slug":"sepet","status":"publish","type":"page","link":"https:\/\/onymino.com\/?page_id=9","title":{"rendered":"Sepet"},"content":{"rendered":"\n<div data-block-name=\"woocommerce\/cart\" class=\"wp-block-woocommerce-cart alignwide is-loading\">\n<div data-block-name=\"woocommerce\/filled-cart-block\" class=\"wp-block-woocommerce-filled-cart-block\">\n<div data-block-name=\"woocommerce\/cart-items-block\" class=\"wp-block-woocommerce-cart-items-block\">\n<div data-block-name=\"woocommerce\/cart-line-items-block\" class=\"wp-block-woocommerce-cart-line-items-block\"><\/div>\n\n\n<\/div>\n\n\n\n\n<div data-block-name=\"woocommerce\/cart-totals-block\" class=\"wp-block-woocommerce-cart-totals-block\">\n<div data-block-name=\"woocommerce\/cart-order-summary-block\" class=\"wp-block-woocommerce-cart-order-summary-block\">\n<div data-block-name=\"woocommerce\/cart-order-summary-heading-block\" class=\"wp-block-woocommerce-cart-order-summary-heading-block\"><\/div><div data-block-name=\"woocommerce\/cart-order-summary-coupon-form-block\" class=\"wp-block-woocommerce-cart-order-summary-coupon-form-block\"><\/div><div data-block-name=\"woocommerce\/cart-order-summary-totals-block\" class=\"wp-block-woocommerce-cart-order-summary-totals-block\">\n<div data-block-name=\"woocommerce\/cart-order-summary-subtotal-block\" class=\"wp-block-woocommerce-cart-order-summary-subtotal-block\"><\/div>\n<div data-block-name=\"woocommerce\/cart-order-summary-discount-block\" class=\"wp-block-woocommerce-cart-order-summary-discount-block\"><\/div>\n<div data-block-name=\"woocommerce\/cart-order-summary-fee-block\" class=\"wp-block-woocommerce-cart-order-summary-fee-block\"><\/div>\n<div data-block-name=\"woocommerce\/cart-order-summary-shipping-block\" class=\"wp-block-woocommerce-cart-order-summary-shipping-block\"><\/div>\n<div data-block-name=\"woocommerce\/cart-order-summary-taxes-block\" class=\"wp-block-woocommerce-cart-order-summary-taxes-block\"><\/div><\/div>\n<\/div>\n\n\n\n<div data-block-name=\"woocommerce\/cart-express-payment-block\" class=\"wp-block-woocommerce-cart-express-payment-block\"><\/div>\n\n\n\n<div data-block-name=\"woocommerce\/proceed-to-checkout-block\" class=\"wp-block-woocommerce-proceed-to-checkout-block\"><\/div>\n\n\n\n<div data-block-name=\"woocommerce\/cart-accepted-payment-methods-block\" class=\"wp-block-woocommerce-cart-accepted-payment-methods-block\"><\/div>\n<\/div>\n<\/div>\n\n\n\n<div data-block-name=\"woocommerce\/empty-cart-block\" class=\"wp-block-woocommerce-empty-cart-block\">\n<h2 class=\"wp-block-heading has-text-align-center with-empty-cart-icon wc-block-cart__empty-cart__title\">Sepetiniz \u015fu anda bo\u015f!<\/h2>\n\n\n\n<hr class=\"wp-block-separator has-alpha-channel-opacity is-style-dots\"\/>\n\n\n\n<h2 class=\"wp-block-heading has-text-align-center\">Ma\u011fazada yeni<\/h2>\n\n\n<div data-block-name=\"woocommerce\/product-new\" data-columns=\"4\" data-rows=\"1\" class=\"wc-block-grid wp-block-product-new wp-block-woocommerce-product-new wc-block-product-new has-4-columns\"><ul class=\"wc-block-grid__products\"><li class=\"wc-block-grid__product\">\n\t\t\t\t<a href=\"https:\/\/onymino.com\/?product=urun-7\" class=\"wc-block-grid__product-link\">\n\t\t\t\t\t\n\t\t\t\t\t<div class=\"wc-block-grid__product-image\"><img loading=\"lazy\" decoding=\"async\" width=\"300\" height=\"300\" src=\"https:\/\/onymino.com\/wp-content\/uploads\/woocommerce-placeholder-300x300.webp\" class=\"woocommerce-placeholder wp-post-image\" alt=\"\" srcset=\"https:\/\/onymino.com\/wp-content\/uploads\/woocommerce-placeholder-300x300.webp 300w, https:\/\/onymino.com\/wp-content\/uploads\/woocommerce-placeholder-100x100.webp 100w, https:\/\/onymino.com\/wp-content\/uploads\/woocommerce-placeholder-600x600.webp 600w, https:\/\/onymino.com\/wp-content\/uploads\/woocommerce-placeholder-1024x1024.webp 1024w, https:\/\/onymino.com\/wp-content\/uploads\/woocommerce-placeholder-150x150.webp 150w, https:\/\/onymino.com\/wp-content\/uploads\/woocommerce-placeholder-768x768.webp 768w, https:\/\/onymino.com\/wp-content\/uploads\/woocommerce-placeholder.webp 1200w\" sizes=\"auto, (max-width: 300px) 100vw, 300px\" \/><\/div>\n\t\t\t\t\t<div class=\"wc-block-grid__product-title\">\u00dcr\u00fcn<\/div>\n\t\t\t\t<\/a>\n\t\t\t\t<div class=\"wc-block-grid__product-price price\"><\/div>\n\t\t\t\t\n\t\t\t\t<div class=\"wp-block-button wc-block-grid__product-add-to-cart\"><a href=\"https:\/\/onymino.com\/?product=urun-7\" aria-label=\"&ldquo;\u00dcr\u00fcn&rdquo; hakk\u0131nda daha fazla bilgi edinin\" data-quantity=\"1\" data-product_id=\"77\" data-product_sku=\"\" data-price=\"0\" rel=\"nofollow\" class=\"wp-block-button__link wp-element-button add_to_cart_button\">Devam\u0131n\u0131 oku<\/a><\/div>\n\t\t\t<\/li><li class=\"wc-block-grid__product\">\n\t\t\t\t<a href=\"https:\/\/onymino.com\/?product=urun-6\" class=\"wc-block-grid__product-link\">\n\t\t\t\t\t\n\t\t\t\t\t<div class=\"wc-block-grid__product-image\"><img loading=\"lazy\" decoding=\"async\" width=\"300\" height=\"300\" src=\"https:\/\/onymino.com\/wp-content\/uploads\/woocommerce-placeholder-300x300.webp\" class=\"woocommerce-placeholder wp-post-image\" alt=\"\" srcset=\"https:\/\/onymino.com\/wp-content\/uploads\/woocommerce-placeholder-300x300.webp 300w, https:\/\/onymino.com\/wp-content\/uploads\/woocommerce-placeholder-100x100.webp 100w, https:\/\/onymino.com\/wp-content\/uploads\/woocommerce-placeholder-600x600.webp 600w, https:\/\/onymino.com\/wp-content\/uploads\/woocommerce-placeholder-1024x1024.webp 1024w, https:\/\/onymino.com\/wp-content\/uploads\/woocommerce-placeholder-150x150.webp 150w, https:\/\/onymino.com\/wp-content\/uploads\/woocommerce-placeholder-768x768.webp 768w, https:\/\/onymino.com\/wp-content\/uploads\/woocommerce-placeholder.webp 1200w\" sizes=\"auto, (max-width: 300px) 100vw, 300px\" \/><\/div>\n\t\t\t\t\t<div class=\"wc-block-grid__product-title\">\u00dcr\u00fcn<\/div>\n\t\t\t\t<\/a>\n\t\t\t\t<div class=\"wc-block-grid__product-price price\"><\/div>\n\t\t\t\t\n\t\t\t\t<div class=\"wp-block-button wc-block-grid__product-add-to-cart\"><a href=\"https:\/\/onymino.com\/?product=urun-6\" aria-label=\"&ldquo;\u00dcr\u00fcn&rdquo; hakk\u0131nda daha fazla bilgi edinin\" data-quantity=\"1\" data-product_id=\"76\" data-product_sku=\"\" data-price=\"0\" rel=\"nofollow\" class=\"wp-block-button__link wp-element-button add_to_cart_button\">Devam\u0131n\u0131 oku<\/a><\/div>\n\t\t\t<\/li><li class=\"wc-block-grid__product\">\n\t\t\t\t<a href=\"https:\/\/onymino.com\/?product=urun-5\" class=\"wc-block-grid__product-link\">\n\t\t\t\t\t\n\t\t\t\t\t<div class=\"wc-block-grid__product-image\"><img loading=\"lazy\" decoding=\"async\" width=\"300\" height=\"300\" src=\"https:\/\/onymino.com\/wp-content\/uploads\/woocommerce-placeholder-300x300.webp\" class=\"woocommerce-placeholder wp-post-image\" alt=\"\" srcset=\"https:\/\/onymino.com\/wp-content\/uploads\/woocommerce-placeholder-300x300.webp 300w, https:\/\/onymino.com\/wp-content\/uploads\/woocommerce-placeholder-100x100.webp 100w, https:\/\/onymino.com\/wp-content\/uploads\/woocommerce-placeholder-600x600.webp 600w, https:\/\/onymino.com\/wp-content\/uploads\/woocommerce-placeholder-1024x1024.webp 1024w, https:\/\/onymino.com\/wp-content\/uploads\/woocommerce-placeholder-150x150.webp 150w, https:\/\/onymino.com\/wp-content\/uploads\/woocommerce-placeholder-768x768.webp 768w, https:\/\/onymino.com\/wp-content\/uploads\/woocommerce-placeholder.webp 1200w\" sizes=\"auto, (max-width: 300px) 100vw, 300px\" \/><\/div>\n\t\t\t\t\t<div class=\"wc-block-grid__product-title\">\u00dcr\u00fcn<\/div>\n\t\t\t\t<\/a>\n\t\t\t\t<div class=\"wc-block-grid__product-price price\"><\/div>\n\t\t\t\t\n\t\t\t\t<div class=\"wp-block-button wc-block-grid__product-add-to-cart\"><a href=\"https:\/\/onymino.com\/?product=urun-5\" aria-label=\"&ldquo;\u00dcr\u00fcn&rdquo; hakk\u0131nda daha fazla bilgi edinin\" data-quantity=\"1\" data-product_id=\"75\" data-product_sku=\"\" data-price=\"0\" rel=\"nofollow\" class=\"wp-block-button__link wp-element-button add_to_cart_button\">Devam\u0131n\u0131 oku<\/a><\/div>\n\t\t\t<\/li><li class=\"wc-block-grid__product\">\n\t\t\t\t<a href=\"https:\/\/onymino.com\/?product=urun-4\" class=\"wc-block-grid__product-link\">\n\t\t\t\t\t\n\t\t\t\t\t<div class=\"wc-block-grid__product-image\"><img loading=\"lazy\" decoding=\"async\" width=\"300\" height=\"300\" src=\"https:\/\/onymino.com\/wp-content\/uploads\/woocommerce-placeholder-300x300.webp\" class=\"woocommerce-placeholder wp-post-image\" alt=\"\" srcset=\"https:\/\/onymino.com\/wp-content\/uploads\/woocommerce-placeholder-300x300.webp 300w, https:\/\/onymino.com\/wp-content\/uploads\/woocommerce-placeholder-100x100.webp 100w, https:\/\/onymino.com\/wp-content\/uploads\/woocommerce-placeholder-600x600.webp 600w, https:\/\/onymino.com\/wp-content\/uploads\/woocommerce-placeholder-1024x1024.webp 1024w, https:\/\/onymino.com\/wp-content\/uploads\/woocommerce-placeholder-150x150.webp 150w, https:\/\/onymino.com\/wp-content\/uploads\/woocommerce-placeholder-768x768.webp 768w, https:\/\/onymino.com\/wp-content\/uploads\/woocommerce-placeholder.webp 1200w\" sizes=\"auto, (max-width: 300px) 100vw, 300px\" \/><\/div>\n\t\t\t\t\t<div class=\"wc-block-grid__product-title\">\u00dcr\u00fcn<\/div>\n\t\t\t\t<\/a>\n\t\t\t\t<div class=\"wc-block-grid__product-price price\"><\/div>\n\t\t\t\t\n\t\t\t\t<div class=\"wp-block-button wc-block-grid__product-add-to-cart\"><a href=\"https:\/\/onymino.com\/?product=urun-4\" aria-label=\"&ldquo;\u00dcr\u00fcn&rdquo; hakk\u0131nda daha fazla bilgi edinin\" data-quantity=\"1\" data-product_id=\"74\" data-product_sku=\"\" data-price=\"0\" rel=\"nofollow\" class=\"wp-block-button__link wp-element-button add_to_cart_button\">Devam\u0131n\u0131 oku<\/a><\/div>\n\t\t\t<\/li><\/ul><\/div><\/div>\n<\/div>\n","protected":false},"excerpt":{"rendered":"","protected":false},"author":1,"featured_media":0,"parent":0,"menu_order":0,"comment_status":"closed","ping_status":"closed","template":"","meta":{"footnotes":""},"class_list":["post-9","page","type-page","status-publish","hentry"],"jetpack_sharing_enabled":true,"_links":{"self":[{"href":"https:\/\/onymino.com\/index.php?rest_route=\/wp\/v2\/pages\/9","targetHints":{"allow":["GET"]}}],"collection":[{"href":"https:\/\/onymino.com\/index.php?rest_route=\/wp\/v2\/pages"}],"about":[{"href":"https:\/\/onymino.com\/index.php?rest_route=\/wp\/v2\/types\/page"}],"author":[{"embeddable":true,"href":"https:\/\/onymino.com\/index.php?rest_route=\/wp\/v2\/users\/1"}],"replies":[{"embeddable":true,"href":"https:\/\/onymino.com\/index.php?rest_route=%2Fwp%2Fv2%2Fcomments&post=9"}],"version-history":[{"count":0,"href":"https:\/\/onymino.com\/index.php?rest_route=\/wp\/v2\/pages\/9\/revisions"}],"wp:attachment":[{"href":"https:\/\/onymino.com\/index.php?rest_route=%2Fwp%2Fv2%2Fmedia&parent=9"}],"curies":[{"name":"wp","href":"https:\/\/api.w.org\/{rel}","templated":true}]}}